{"id":590,"date":"2025-08-23T19:14:47","date_gmt":"2025-08-23T19:14:47","guid":{"rendered":"https:\/\/devsmartangel.smartangel.ch\/?page_id=590"},"modified":"2025-08-23T19:27:59","modified_gmt":"2025-08-23T19:27:59","slug":"ueber-uns","status":"publish","type":"page","link":"https:\/\/devsmartangel.smartangel.ch\/i\/ueber-uns\/","title":{"rendered":"Chi siamo"},"content":{"rendered":"<div data-elementor-type=\"wp-page\" data-elementor-id=\"590\" class=\"elementor elementor-590\" data-elementor-post-type=\"page\">\n\t\t\t\t<div class=\"elementor-element elementor-element-1b90b25 e-flex e-con-boxed e-con e-parent\" data-id=\"1b90b25\" data-element_type=\"container\">\n\t\t\t\t\t<div class=\"e-con-inner\">\n\t\t<div class=\"elementor-element elementor-element-be4c770 e-con-full e-flex e-con e-child\" data-id=\"be4c770\" data-element_type=\"container\">\n\t\t\t\t<div class=\"elementor-element elementor-element-f8752eb elementor-widget elementor-widget-heading\" data-id=\"f8752eb\" data-element_type=\"widget\" data-widget_type=\"heading.default\">\n\t\t\t\t<div class=\"elementor-widget-container\">\n\t\t\t\t\t<h2 class=\"elementor-heading-title elementor-size-default\">I nostri clienti<\/h2>\t\t\t\t<\/div>\n\t\t\t\t<\/div>\n\t\t\t\t<div class=\"elementor-element elementor-element-2c805ad elementor-widget elementor-widget-heading\" data-id=\"2c805ad\" data-element_type=\"widget\" data-widget_type=\"heading.default\">\n\t\t\t\t<div class=\"elementor-widget-container\">\n\t\t\t\t\t<h2 class=\"elementor-heading-title elementor-size-default\">smartangel\u00ae - per nostro conto<\/h2>\t\t\t\t<\/div>\n\t\t\t\t<\/div>\n\t\t\t\t<\/div>\n\t\t\t\t\t<\/div>\n\t\t\t\t<\/div>\n\t\t<div class=\"elementor-element elementor-element-6f10936 e-flex e-con-boxed e-con e-parent\" data-id=\"6f10936\" data-element_type=\"container\" data-settings=\"{&quot;background_background&quot;:&quot;classic&quot;}\">\n\t\t\t\t\t<div class=\"e-con-inner\">\n\t\t<div class=\"elementor-element elementor-element-c78ab28 e-con-full e-flex e-con e-child\" data-id=\"c78ab28\" data-element_type=\"container\">\n\t\t<div class=\"elementor-element elementor-element-40eed1d e-con-full e-flex e-con e-child\" data-id=\"40eed1d\" data-element_type=\"container\">\n\t\t\t\t<div class=\"elementor-element elementor-element-75d50fe elementor-widget elementor-widget-heading\" data-id=\"75d50fe\" data-element_type=\"widget\" data-widget_type=\"heading.default\">\n\t\t\t\t<div class=\"elementor-widget-container\">\n\t\t\t\t\t<h2 class=\"elementor-heading-title elementor-size-default\">Un destino personale: una visione che <br>La vita \u00e8 cambiata<\/h2>\t\t\t\t<\/div>\n\t\t\t\t<\/div>\n\t\t\t\t<div class=\"elementor-element elementor-element-9bf0c35 elementor-widget__width-initial elementor-widget elementor-widget-text-editor\" data-id=\"9bf0c35\" data-element_type=\"widget\" data-widget_type=\"text-editor.default\">\n\t\t\t\t<div class=\"elementor-widget-container\">\n\t\t\t\t\t\t\t\t\t<p data-slate-node=\"element\">Un grave ictus subito da mia madre nel 2018 - nel bel mezzo di un ospedale - \u00e8 stato purtroppo scoperto solo al mattino. Tutti i soccorsi sono arrivati troppo tardi per lei. Un evento cos\u00ec tragico cambia una vita - non solo la mia, ma certamente anche quella di molte altre persone.<\/p><p data-slate-node=\"element\">Stare impotente al capezzale del paziente, senza poter fare nulla, e dovergli dire addio poche settimane dopo, mi ha lasciato una domanda angosciante: cosa avrei potuto fare di meglio? Una sensazione che condivido con molte delle persone colpite. Ed \u00e8 proprio questa sensazione che mi guida ancora oggi.<\/p><p data-slate-node=\"element\">Molti di questi destini non si verificano in strutture sorvegliate, ma a casa, dove spesso nessuno si rende conto in tempo della necessit\u00e0 di aiuto.<\/p><p data-slate-node=\"element\">Nella mia ricerca di soluzioni, mi sono imbattuto in un mercato ricco di diversi sistemi di chiamata di emergenza, dispositivi di allarme e ausili. Tuttavia, quasi tutti richiedono che la persona interessata agisca da sola in caso di emergenza, ad esempio premendo un pulsante. Ma cosa succede se questo non \u00e8 pi\u00f9 possibile?<\/p><p data-slate-node=\"element\"><strong>La mia risposta \u00e8 smartangel\u00ae. smartangel\u00ae<\/strong><\/p><p data-slate-node=\"element\">\u00e8 pi\u00f9 di un semplice sistema di chiamata d'emergenza. \u00c8 un angelo custode personale in servizio 24 ore su 24 - preventivo, proattivo e reattivo. I nostri prodotti soddisfano in particolare tre principi chiave:<\/p><p data-slate-node=\"element\"><strong>1. semplificare la vita<\/strong> usabilit\u00e0 intuitiva per tutte le et\u00e0<\/p><p data-slate-node=\"element\"><strong>2. proteggere la vita<\/strong> attraverso tecnologie predittive come la misurazione dei dati vitali o gli ausili di localizzazione<\/p><p data-slate-node=\"element\"><strong>3. salvare vite umane<\/strong> attraverso una risposta rapida e una comunicazione semplice e chiara in caso di emergenza.<\/p><p data-slate-node=\"element\">Il nome smartangel\u00ae non \u00e8 casuale. L'\"ANG\" nei nostri prodotti sta per le tre lettere iniziali di ANGEL - l'angelo custode - e Angela, il nome di mia madre.<\/p>\t\t\t\t\t\t\t\t<\/div>\n\t\t\t\t<\/div>\n\t\t\t\t<\/div>\n\t\t<div class=\"elementor-element elementor-element-39635ab e-con-full e-flex e-con e-child\" data-id=\"39635ab\" data-element_type=\"container\" data-settings=\"{&quot;background_background&quot;:&quot;classic&quot;}\">\n\t\t\t\t<div class=\"elementor-element elementor-element-61bb4be elementor-widget elementor-widget-image\" data-id=\"61bb4be\" data-element_type=\"widget\" data-widget_type=\"image.default\">\n\t\t\t\t<div class=\"elementor-widget-container\">\n\t\t\t\t\t\t\t\t\t\t\t\t\t\t\t<img fetchpriority=\"high\" decoding=\"async\" width=\"449\" height=\"303\" src=\"https:\/\/devsmartangel.smartangel.ch\/wp-content\/uploads\/2025\/08\/Image-56.png\" class=\"attachment-full size-full wp-image-598\" alt=\"\" srcset=\"https:\/\/devsmartangel.smartangel.ch\/wp-content\/uploads\/2025\/08\/Image-56.png 449w, https:\/\/devsmartangel.smartangel.ch\/wp-content\/uploads\/2025\/08\/Image-56-300x202.png 300w, https:\/\/devsmartangel.smartangel.ch\/wp-content\/uploads\/2025\/08\/Image-56-18x12.png 18w\" sizes=\"(max-width: 449px) 100vw, 449px\" \/>\t\t\t\t\t\t\t\t\t\t\t\t\t\t\t<\/div>\n\t\t\t\t<\/div>\n\t\t\t\t<div class=\"elementor-element elementor-element-7d8c3bf elementor-widget elementor-widget-heading\" data-id=\"7d8c3bf\" data-element_type=\"widget\" data-widget_type=\"heading.default\">\n\t\t\t\t<div class=\"elementor-widget-container\">\n\t\t\t\t\t<h2 class=\"elementor-heading-title elementor-size-default\">Un destino personale: una visione che <br>La vita \u00e8 cambiata<\/h2>\t\t\t\t<\/div>\n\t\t\t\t<\/div>\n\t\t\t\t<div class=\"elementor-element elementor-element-9ca57f6 elementor-widget__width-initial elementor-widget elementor-widget-text-editor\" data-id=\"9ca57f6\" data-element_type=\"widget\" data-widget_type=\"text-editor.default\">\n\t\t\t\t<div class=\"elementor-widget-container\">\n\t\t\t\t\t\t\t\t\t<p data-slate-node=\"element\">Il feedback dei nostri clienti: la nostra motivazione quotidiana Non sono riuscito a salvare la vita di mia madre. Ma oggi riceviamo molti feedback commoventi da persone la cui vita, o quella dei loro cari, \u00e8 stata salvata o migliorata in modo duraturo con l'aiuto di smartangel\u00ae.<\/p><p data-slate-node=\"element\">Che si tratti di un peggioramento dei parametri vitali riconosciuto per tempo, che ha portato a una visita pi\u00f9 rapida dal medico, o, per esempio, di un riconoscimento automatico delle emergenze in caso di caduta: queste storie chiudono ogni volta un po' il cerchio del dolore e aprono quello della gioia, della speranza e della motivazione.<\/p><p data-slate-node=\"element\">Ogni giorno, incoraggiano tutto il nostro team a continuare a lavorare alla nostra missione con passione, spirito di innovazione e la forza di un ascolto autentico: Non lasciare sole le persone di ogni et\u00e0 o gli eroi in azione in situazioni critiche, ma restituire loro sicurezza, sostegno e un po' di qualit\u00e0 della vita.<\/p><p data-slate-node=\"element\">Il cuore del nostro logo simboleggia questo impegno. Batte per la visione di cambiare le vite, con empatia, tecnologia e autentica convinzione.<\/p><p data-slate-node=\"element\">Cordiali saluti,<\/p><p data-slate-node=\"element\"><strong> Pascal Dossenbach<\/strong> | Fondatore SmartAngel AG<\/p>\t\t\t\t\t\t\t\t<\/div>\n\t\t\t\t<\/div>\n\t\t\t\t<div class=\"elementor-element elementor-element-19337a7 elementor-widget elementor-widget-image\" data-id=\"19337a7\" data-element_type=\"widget\" data-widget_type=\"image.default\">\n\t\t\t\t<div class=\"elementor-widget-container\">\n\t\t\t\t\t\t\t\t\t\t\t\t\t\t\t<img decoding=\"async\" width=\"169\" height=\"25\" src=\"https:\/\/devsmartangel.smartangel.ch\/wp-content\/uploads\/2025\/08\/Group-679.png\" class=\"attachment-large size-large wp-image-599\" alt=\"\" srcset=\"https:\/\/devsmartangel.smartangel.ch\/wp-content\/uploads\/2025\/08\/Group-679.png 169w, https:\/\/devsmartangel.smartangel.ch\/wp-content\/uploads\/2025\/08\/Group-679-18x3.png 18w\" sizes=\"(max-width: 169px) 100vw, 169px\" \/>\t\t\t\t\t\t\t\t\t\t\t\t\t\t\t<\/div>\n\t\t\t\t<\/div>\n\t\t\t\t<\/div>\n\t\t\t\t<\/div>\n\t\t\t\t\t<\/div>\n\t\t\t\t<\/div>\n\t\t\t\t<\/div>","protected":false},"excerpt":{"rendered":"<p>Unsere Kunden smartangel\u00ae &#8211; in eigener Sache Ein pers\u00f6nliches Schicksal \u2013 eine Vision, die Leben ver\u00e4ndert Ein schwerer Schlaganfall meiner Mutter im Jahr 2018 \u2013 mitten in einem Krankenhaus \u2013 wurde leider erst am Morgen entdeckt. F\u00fcr sie kam jede Hilfe zu sp\u00e4t. Solch ein tragisches Ereignis ver\u00e4ndert ein Leben &#8211; nicht nur mein eigenes [&hellip;]<\/p>","protected":false},"author":3,"featured_media":0,"parent":0,"menu_order":0,"comment_status":"closed","ping_status":"closed","template":"elementor_header_footer","meta":{"inline_featured_image":false,"footnotes":""},"class_list":["post-590","page","type-page","status-publish","hentry"],"yoast_head":"<!-- This site is optimized with the Yoast SEO Premium plugin v25.7.1 (Yoast SEO v25.7) - https:\/\/yoast.com\/wordpress\/plugins\/seo\/ -->\n<title>\u00dcber uns - SmartAngel<\/title>\n<meta name=\"robots\" content=\"index, follow, max-snippet:-1, max-image-preview:large, max-video-preview:-1\" \/>\n<link rel=\"canonical\" href=\"https:\/\/devsmartangel.smartangel.ch\/i\/ueber-uns\/\" \/>\n<meta property=\"og:locale\" content=\"it_IT\" \/>\n<meta property=\"og:type\" content=\"article\" \/>\n<meta property=\"og:title\" content=\"\u00dcber uns\" \/>\n<meta property=\"og:description\" content=\"Unsere Kunden smartangel\u00ae &#8211; in eigener Sache Ein pers\u00f6nliches Schicksal \u2013 eine Vision, die Leben ver\u00e4ndert Ein schwerer Schlaganfall meiner Mutter im Jahr 2018 \u2013 mitten in einem Krankenhaus \u2013 wurde leider erst am Morgen entdeckt. F\u00fcr sie kam jede Hilfe zu sp\u00e4t. Solch ein tragisches Ereignis ver\u00e4ndert ein Leben &#8211; nicht nur mein eigenes [&hellip;]\" \/>\n<meta property=\"og:url\" content=\"https:\/\/devsmartangel.smartangel.ch\/i\/ueber-uns\/\" \/>\n<meta property=\"og:site_name\" content=\"SmartAngel\" \/>\n<meta property=\"article:modified_time\" content=\"2025-08-23T19:27:59+00:00\" \/>\n<meta property=\"og:image\" content=\"http:\/\/devsmartangel.smartangel.ch\/wp-content\/uploads\/2025\/08\/Image-56.png\" \/>\n<meta name=\"twitter:card\" content=\"summary_large_image\" \/>\n<meta name=\"twitter:label1\" content=\"Tempo di lettura stimato\" \/>\n\t<meta name=\"twitter:data1\" content=\"3 minuti\" \/>\n<script type=\"application\/ld+json\" class=\"yoast-schema-graph\">{\"@context\":\"https:\/\/schema.org\",\"@graph\":[{\"@type\":\"WebPage\",\"@id\":\"https:\/\/devsmartangel.smartangel.ch\/ueber-uns\/\",\"url\":\"https:\/\/devsmartangel.smartangel.ch\/ueber-uns\/\",\"name\":\"\u00dcber uns - SmartAngel\",\"isPartOf\":{\"@id\":\"https:\/\/devsmartangel.smartangel.ch\/f\/#website\"},\"primaryImageOfPage\":{\"@id\":\"https:\/\/devsmartangel.smartangel.ch\/ueber-uns\/#primaryimage\"},\"image\":{\"@id\":\"https:\/\/devsmartangel.smartangel.ch\/ueber-uns\/#primaryimage\"},\"thumbnailUrl\":\"http:\/\/devsmartangel.smartangel.ch\/wp-content\/uploads\/2025\/08\/Image-56.png\",\"datePublished\":\"2025-08-23T19:14:47+00:00\",\"dateModified\":\"2025-08-23T19:27:59+00:00\",\"breadcrumb\":{\"@id\":\"https:\/\/devsmartangel.smartangel.ch\/ueber-uns\/#breadcrumb\"},\"inLanguage\":\"it-IT\",\"potentialAction\":[{\"@type\":\"ReadAction\",\"target\":[\"https:\/\/devsmartangel.smartangel.ch\/ueber-uns\/\"]}]},{\"@type\":\"ImageObject\",\"inLanguage\":\"it-IT\",\"@id\":\"https:\/\/devsmartangel.smartangel.ch\/ueber-uns\/#primaryimage\",\"url\":\"http:\/\/devsmartangel.smartangel.ch\/wp-content\/uploads\/2025\/08\/Image-56.png\",\"contentUrl\":\"http:\/\/devsmartangel.smartangel.ch\/wp-content\/uploads\/2025\/08\/Image-56.png\"},{\"@type\":\"BreadcrumbList\",\"@id\":\"https:\/\/devsmartangel.smartangel.ch\/ueber-uns\/#breadcrumb\",\"itemListElement\":[{\"@type\":\"ListItem\",\"position\":1,\"name\":\"Home\",\"item\":\"https:\/\/devsmartangel.smartangel.ch\/f\/\"},{\"@type\":\"ListItem\",\"position\":2,\"name\":\"\u00dcber uns\"}]},{\"@type\":\"WebSite\",\"@id\":\"https:\/\/devsmartangel.smartangel.ch\/f\/#website\",\"url\":\"https:\/\/devsmartangel.smartangel.ch\/f\/\",\"name\":\"SmartAngel\",\"description\":\"\",\"potentialAction\":[{\"@type\":\"SearchAction\",\"target\":{\"@type\":\"EntryPoint\",\"urlTemplate\":\"https:\/\/devsmartangel.smartangel.ch\/f\/?s={search_term_string}\"},\"query-input\":{\"@type\":\"PropertyValueSpecification\",\"valueRequired\":true,\"valueName\":\"search_term_string\"}}],\"inLanguage\":\"it-IT\"}]}<\/script>\n<!-- \/ Yoast SEO Premium plugin. -->","yoast_head_json":{"title":"\u00dcber uns - SmartAngel","robots":{"index":"index","follow":"follow","max-snippet":"max-snippet:-1","max-image-preview":"max-image-preview:large","max-video-preview":"max-video-preview:-1"},"canonical":"https:\/\/devsmartangel.smartangel.ch\/i\/ueber-uns\/","og_locale":"it_IT","og_type":"article","og_title":"\u00dcber uns","og_description":"Unsere Kunden smartangel\u00ae &#8211; in eigener Sache Ein pers\u00f6nliches Schicksal \u2013 eine Vision, die Leben ver\u00e4ndert Ein schwerer Schlaganfall meiner Mutter im Jahr 2018 \u2013 mitten in einem Krankenhaus \u2013 wurde leider erst am Morgen entdeckt. F\u00fcr sie kam jede Hilfe zu sp\u00e4t. Solch ein tragisches Ereignis ver\u00e4ndert ein Leben &#8211; nicht nur mein eigenes [&hellip;]","og_url":"https:\/\/devsmartangel.smartangel.ch\/i\/ueber-uns\/","og_site_name":"SmartAngel","article_modified_time":"2025-08-23T19:27:59+00:00","og_image":[{"url":"http:\/\/devsmartangel.smartangel.ch\/wp-content\/uploads\/2025\/08\/Image-56.png","type":"","width":"","height":""}],"twitter_card":"summary_large_image","twitter_misc":{"Tempo di lettura stimato":"3 minuti"},"schema":{"@context":"https:\/\/schema.org","@graph":[{"@type":"WebPage","@id":"https:\/\/devsmartangel.smartangel.ch\/ueber-uns\/","url":"https:\/\/devsmartangel.smartangel.ch\/ueber-uns\/","name":"\u00dcber uns - SmartAngel","isPartOf":{"@id":"https:\/\/devsmartangel.smartangel.ch\/f\/#website"},"primaryImageOfPage":{"@id":"https:\/\/devsmartangel.smartangel.ch\/ueber-uns\/#primaryimage"},"image":{"@id":"https:\/\/devsmartangel.smartangel.ch\/ueber-uns\/#primaryimage"},"thumbnailUrl":"http:\/\/devsmartangel.smartangel.ch\/wp-content\/uploads\/2025\/08\/Image-56.png","datePublished":"2025-08-23T19:14:47+00:00","dateModified":"2025-08-23T19:27:59+00:00","breadcrumb":{"@id":"https:\/\/devsmartangel.smartangel.ch\/ueber-uns\/#breadcrumb"},"inLanguage":"it-IT","potentialAction":[{"@type":"ReadAction","target":["https:\/\/devsmartangel.smartangel.ch\/ueber-uns\/"]}]},{"@type":"ImageObject","inLanguage":"it-IT","@id":"https:\/\/devsmartangel.smartangel.ch\/ueber-uns\/#primaryimage","url":"http:\/\/devsmartangel.smartangel.ch\/wp-content\/uploads\/2025\/08\/Image-56.png","contentUrl":"http:\/\/devsmartangel.smartangel.ch\/wp-content\/uploads\/2025\/08\/Image-56.png"},{"@type":"BreadcrumbList","@id":"https:\/\/devsmartangel.smartangel.ch\/ueber-uns\/#breadcrumb","itemListElement":[{"@type":"ListItem","position":1,"name":"Home","item":"https:\/\/devsmartangel.smartangel.ch\/f\/"},{"@type":"ListItem","position":2,"name":"\u00dcber uns"}]},{"@type":"WebSite","@id":"https:\/\/devsmartangel.smartangel.ch\/f\/#website","url":"https:\/\/devsmartangel.smartangel.ch\/f\/","name":"SmartAngel","description":"","potentialAction":[{"@type":"SearchAction","target":{"@type":"EntryPoint","urlTemplate":"https:\/\/devsmartangel.smartangel.ch\/f\/?s={search_term_string}"},"query-input":{"@type":"PropertyValueSpecification","valueRequired":true,"valueName":"search_term_string"}}],"inLanguage":"it-IT"}]}},"_links":{"self":[{"href":"https:\/\/devsmartangel.smartangel.ch\/i\/wp-json\/wp\/v2\/pages\/590","targetHints":{"allow":["GET"]}}],"collection":[{"href":"https:\/\/devsmartangel.smartangel.ch\/i\/wp-json\/wp\/v2\/pages"}],"about":[{"href":"https:\/\/devsmartangel.smartangel.ch\/i\/wp-json\/wp\/v2\/types\/page"}],"author":[{"embeddable":true,"href":"https:\/\/devsmartangel.smartangel.ch\/i\/wp-json\/wp\/v2\/users\/3"}],"replies":[{"embeddable":true,"href":"https:\/\/devsmartangel.smartangel.ch\/i\/wp-json\/wp\/v2\/comments?post=590"}],"version-history":[{"count":13,"href":"https:\/\/devsmartangel.smartangel.ch\/i\/wp-json\/wp\/v2\/pages\/590\/revisions"}],"predecessor-version":[{"id":606,"href":"https:\/\/devsmartangel.smartangel.ch\/i\/wp-json\/wp\/v2\/pages\/590\/revisions\/606"}],"wp:attachment":[{"href":"https:\/\/devsmartangel.smartangel.ch\/i\/wp-json\/wp\/v2\/media?parent=590"}],"curies":[{"name":"wp","href":"https:\/\/api.w.org\/{rel}","templated":true}]}}