{"id":590,"date":"2025-08-23T19:14:47","date_gmt":"2025-08-23T19:14:47","guid":{"rendered":"https:\/\/devsmartangel.smartangel.ch\/?page_id=590"},"modified":"2025-08-23T19:27:59","modified_gmt":"2025-08-23T19:27:59","slug":"ueber-uns","status":"publish","type":"page","link":"https:\/\/devsmartangel.smartangel.ch\/f\/ueber-uns\/","title":{"rendered":"\u00c0 propos de nous"},"content":{"rendered":"<div data-elementor-type=\"wp-page\" data-elementor-id=\"590\" class=\"elementor elementor-590\" data-elementor-post-type=\"page\">\n\t\t\t\t<div class=\"elementor-element elementor-element-1b90b25 e-flex e-con-boxed e-con e-parent\" data-id=\"1b90b25\" data-element_type=\"container\">\n\t\t\t\t\t<div class=\"e-con-inner\">\n\t\t<div class=\"elementor-element elementor-element-be4c770 e-con-full e-flex e-con e-child\" data-id=\"be4c770\" data-element_type=\"container\">\n\t\t\t\t<div class=\"elementor-element elementor-element-f8752eb elementor-widget elementor-widget-heading\" data-id=\"f8752eb\" data-element_type=\"widget\" data-widget_type=\"heading.default\">\n\t\t\t\t<div class=\"elementor-widget-container\">\n\t\t\t\t\t<h2 class=\"elementor-heading-title elementor-size-default\">Nos clients<\/h2>\t\t\t\t<\/div>\n\t\t\t\t<\/div>\n\t\t\t\t<div class=\"elementor-element elementor-element-2c805ad elementor-widget elementor-widget-heading\" data-id=\"2c805ad\" data-element_type=\"widget\" data-widget_type=\"heading.default\">\n\t\t\t\t<div class=\"elementor-widget-container\">\n\t\t\t\t\t<h2 class=\"elementor-heading-title elementor-size-default\">smartangel\u00ae - En ce qui nous concerne<\/h2>\t\t\t\t<\/div>\n\t\t\t\t<\/div>\n\t\t\t\t<\/div>\n\t\t\t\t\t<\/div>\n\t\t\t\t<\/div>\n\t\t<div class=\"elementor-element elementor-element-6f10936 e-flex e-con-boxed e-con e-parent\" data-id=\"6f10936\" data-element_type=\"container\" data-settings=\"{&quot;background_background&quot;:&quot;classic&quot;}\">\n\t\t\t\t\t<div class=\"e-con-inner\">\n\t\t<div class=\"elementor-element elementor-element-c78ab28 e-con-full e-flex e-con e-child\" data-id=\"c78ab28\" data-element_type=\"container\">\n\t\t<div class=\"elementor-element elementor-element-40eed1d e-con-full e-flex e-con e-child\" data-id=\"40eed1d\" data-element_type=\"container\">\n\t\t\t\t<div class=\"elementor-element elementor-element-75d50fe elementor-widget elementor-widget-heading\" data-id=\"75d50fe\" data-element_type=\"widget\" data-widget_type=\"heading.default\">\n\t\t\t\t<div class=\"elementor-widget-container\">\n\t\t\t\t\t<h2 class=\"elementor-heading-title elementor-size-default\">Un destin personnel - une vision qui <br>La vie change<\/h2>\t\t\t\t<\/div>\n\t\t\t\t<\/div>\n\t\t\t\t<div class=\"elementor-element elementor-element-9bf0c35 elementor-widget__width-initial elementor-widget elementor-widget-text-editor\" data-id=\"9bf0c35\" data-element_type=\"widget\" data-widget_type=\"text-editor.default\">\n\t\t\t\t<div class=\"elementor-widget-container\">\n\t\t\t\t\t\t\t\t\t<p data-slate-node=\"element\">Une grave attaque c\u00e9r\u00e9brale de ma m\u00e8re en 2018 - en plein milieu d'un h\u00f4pital - n'a malheureusement \u00e9t\u00e9 d\u00e9couverte que le matin. Pour elle, toute aide est arriv\u00e9e trop tard. Un tel \u00e9v\u00e9nement tragique change une vie - pas seulement la mienne, mais certainement aussi celle de nombreuses autres personnes.<\/p><p data-slate-node=\"element\">Rester impuissant au chevet du malade, ne rien pouvoir faire - et devoir dire adieu quelques semaines plus tard - m'a laiss\u00e9 une question lancinante : qu'aurais-je pu faire de mieux ? Un sentiment que je partage avec de nombreuses personnes concern\u00e9es. Et c'est pr\u00e9cis\u00e9ment ce sentiment qui m'anime encore aujourd'hui.<\/p><p data-slate-node=\"element\">De nombreux destins de ce type ne se produisent pas dans des institutions surveill\u00e9es - mais \u00e0 la maison, o\u00f9 souvent personne ne remarque \u00e0 temps qu'une aide est n\u00e9cessaire.<\/p><p data-slate-node=\"element\">En cherchant des solutions, je suis tomb\u00e9 sur un march\u00e9 rempli de syst\u00e8mes d'appel d'urgence, d'appareils d'alarme et d'aides les plus divers. Mais presque tous supposent que la personne concern\u00e9e s'active elle-m\u00eame en cas d'urgence - par exemple en appuyant sur un bouton. Mais que faire si cela n'est justement plus possible ?<\/p><p data-slate-node=\"element\"><strong>Ma r\u00e9ponse est smartangel\u00ae. smartangel\u00ae.<\/strong><\/p><p data-slate-node=\"element\">est plus qu'un simple syst\u00e8me d'appel d'urgence. C'est un ange gardien personnel qui intervient 24 heures sur 24 - de mani\u00e8re pr\u00e9ventive, proactive et r\u00e9active. Pour cela, nos produits r\u00e9pondent avant tout \u00e0 trois principes d\u00e9cisifs :<\/p><p data-slate-node=\"element\"><strong>1. simplifier la vie<\/strong> gr\u00e2ce \u00e0 une utilisation auto-explicative pour tous les \u00e2ges<\/p><p data-slate-node=\"element\"><strong>2. prot\u00e9ger la vie<\/strong> gr\u00e2ce \u00e0 des techniques pr\u00e9dictives comme la mesure des donn\u00e9es vitales ou les aides \u00e0 la localisation<\/p><p data-slate-node=\"element\"><strong>3. sauver des vies<\/strong> par une r\u00e9action rapide et une communication simple et claire en cas d'urgence<\/p><p data-slate-node=\"element\">Le nom smartangel\u00ae n'est pas un hasard. Le \"ANG\" dans nos produits repr\u00e9sente les trois premi\u00e8res lettres d'ANGEL - l'ange gardien - et d'Angela, le nom de ma m\u00e8re.<\/p>\t\t\t\t\t\t\t\t<\/div>\n\t\t\t\t<\/div>\n\t\t\t\t<\/div>\n\t\t<div class=\"elementor-element elementor-element-39635ab e-con-full e-flex e-con e-child\" data-id=\"39635ab\" data-element_type=\"container\" data-settings=\"{&quot;background_background&quot;:&quot;classic&quot;}\">\n\t\t\t\t<div class=\"elementor-element elementor-element-61bb4be elementor-widget elementor-widget-image\" data-id=\"61bb4be\" data-element_type=\"widget\" data-widget_type=\"image.default\">\n\t\t\t\t<div class=\"elementor-widget-container\">\n\t\t\t\t\t\t\t\t\t\t\t\t\t\t\t<img fetchpriority=\"high\" decoding=\"async\" width=\"449\" height=\"303\" src=\"https:\/\/devsmartangel.smartangel.ch\/wp-content\/uploads\/2025\/08\/Image-56.png\" class=\"attachment-full size-full wp-image-598\" alt=\"\" srcset=\"https:\/\/devsmartangel.smartangel.ch\/wp-content\/uploads\/2025\/08\/Image-56.png 449w, https:\/\/devsmartangel.smartangel.ch\/wp-content\/uploads\/2025\/08\/Image-56-300x202.png 300w, https:\/\/devsmartangel.smartangel.ch\/wp-content\/uploads\/2025\/08\/Image-56-18x12.png 18w\" sizes=\"(max-width: 449px) 100vw, 449px\" \/>\t\t\t\t\t\t\t\t\t\t\t\t\t\t\t<\/div>\n\t\t\t\t<\/div>\n\t\t\t\t<div class=\"elementor-element elementor-element-7d8c3bf elementor-widget elementor-widget-heading\" data-id=\"7d8c3bf\" data-element_type=\"widget\" data-widget_type=\"heading.default\">\n\t\t\t\t<div class=\"elementor-widget-container\">\n\t\t\t\t\t<h2 class=\"elementor-heading-title elementor-size-default\">Un destin personnel - une vision qui <br>La vie change<\/h2>\t\t\t\t<\/div>\n\t\t\t\t<\/div>\n\t\t\t\t<div class=\"elementor-element elementor-element-9ca57f6 elementor-widget__width-initial elementor-widget elementor-widget-text-editor\" data-id=\"9ca57f6\" data-element_type=\"widget\" data-widget_type=\"text-editor.default\">\n\t\t\t\t<div class=\"elementor-widget-container\">\n\t\t\t\t\t\t\t\t\t<p data-slate-node=\"element\">Le feedback de nos clientes et clients - notre motivation quotidienne Je n'ai pas pu sauver la vie de ma m\u00e8re. Mais aujourd'hui, nous recevons de nombreux retours \u00e9mouvants de personnes dont la vie - ou celle de leurs proches - a \u00e9t\u00e9 sauv\u00e9e ou am\u00e9lior\u00e9e durablement gr\u00e2ce \u00e0 smartangel\u00ae.<\/p><p data-slate-node=\"element\">Qu'il s'agisse d'une d\u00e9t\u00e9rioration des signes vitaux d\u00e9tect\u00e9e \u00e0 temps et qui a conduit \u00e0 une consultation m\u00e9dicale plus rapide ou, par exemple, d'une d\u00e9tection automatique des urgences en cas de chute, de telles histoires ferment \u00e0 chaque fois un peu plus le cercle du deuil - et ouvrent le cercle de la joie, de l'espoir et de la motivation.<\/p><p data-slate-node=\"element\">Ils encouragent chaque jour l'ensemble de notre \u00e9quipe \u00e0 poursuivre notre mission avec passion, esprit d'innovation et la force d'une v\u00e9ritable \u00e9coute : Ne pas laisser les personnes de tous \u00e2ges ou les h\u00e9ros en mission seuls dans des situations critiques - mais leur redonner la s\u00e9curit\u00e9, le soutien et une certaine qualit\u00e9 de vie.<\/p><p data-slate-node=\"element\">Le c\u0153ur de notre logo est le symbole de cet engagement. Il bat pour la vision de changer des vies - avec empathie, technologie et une v\u00e9ritable conviction.<\/p><p data-slate-node=\"element\">Cordialement,<\/p><p data-slate-node=\"element\"><strong> Pascal Dossenbach<\/strong> | Fondateur SmartAngel AG<\/p>\t\t\t\t\t\t\t\t<\/div>\n\t\t\t\t<\/div>\n\t\t\t\t<div class=\"elementor-element elementor-element-19337a7 elementor-widget elementor-widget-image\" data-id=\"19337a7\" data-element_type=\"widget\" data-widget_type=\"image.default\">\n\t\t\t\t<div class=\"elementor-widget-container\">\n\t\t\t\t\t\t\t\t\t\t\t\t\t\t\t<img decoding=\"async\" width=\"169\" height=\"25\" src=\"https:\/\/devsmartangel.smartangel.ch\/wp-content\/uploads\/2025\/08\/Group-679.png\" class=\"attachment-large size-large wp-image-599\" alt=\"\" srcset=\"https:\/\/devsmartangel.smartangel.ch\/wp-content\/uploads\/2025\/08\/Group-679.png 169w, https:\/\/devsmartangel.smartangel.ch\/wp-content\/uploads\/2025\/08\/Group-679-18x3.png 18w\" sizes=\"(max-width: 169px) 100vw, 169px\" \/>\t\t\t\t\t\t\t\t\t\t\t\t\t\t\t<\/div>\n\t\t\t\t<\/div>\n\t\t\t\t<\/div>\n\t\t\t\t<\/div>\n\t\t\t\t\t<\/div>\n\t\t\t\t<\/div>\n\t\t\t\t<\/div>","protected":false},"excerpt":{"rendered":"<p>Unsere Kunden smartangel\u00ae &#8211; in eigener Sache Ein pers\u00f6nliches Schicksal \u2013 eine Vision, die Leben ver\u00e4ndert Ein schwerer Schlaganfall meiner Mutter im Jahr 2018 \u2013 mitten in einem Krankenhaus \u2013 wurde leider erst am Morgen entdeckt. F\u00fcr sie kam jede Hilfe zu sp\u00e4t. Solch ein tragisches Ereignis ver\u00e4ndert ein Leben &#8211; nicht nur mein eigenes [&hellip;]<\/p>","protected":false},"author":3,"featured_media":0,"parent":0,"menu_order":0,"comment_status":"closed","ping_status":"closed","template":"elementor_header_footer","meta":{"inline_featured_image":false,"footnotes":""},"class_list":["post-590","page","type-page","status-publish","hentry"],"yoast_head":"<!-- This site is optimized with the Yoast SEO Premium plugin v25.7.1 (Yoast SEO v25.7) - https:\/\/yoast.com\/wordpress\/plugins\/seo\/ -->\n<title>\u00dcber uns - SmartAngel<\/title>\n<meta name=\"robots\" content=\"index, follow, max-snippet:-1, max-image-preview:large, max-video-preview:-1\" \/>\n<link rel=\"canonical\" href=\"https:\/\/devsmartangel.smartangel.ch\/f\/ueber-uns\/\" \/>\n<meta property=\"og:locale\" content=\"fr_FR\" \/>\n<meta property=\"og:type\" content=\"article\" \/>\n<meta property=\"og:title\" content=\"\u00dcber uns\" \/>\n<meta property=\"og:description\" content=\"Unsere Kunden smartangel\u00ae &#8211; in eigener Sache Ein pers\u00f6nliches Schicksal \u2013 eine Vision, die Leben ver\u00e4ndert Ein schwerer Schlaganfall meiner Mutter im Jahr 2018 \u2013 mitten in einem Krankenhaus \u2013 wurde leider erst am Morgen entdeckt. F\u00fcr sie kam jede Hilfe zu sp\u00e4t. Solch ein tragisches Ereignis ver\u00e4ndert ein Leben &#8211; nicht nur mein eigenes [&hellip;]\" \/>\n<meta property=\"og:url\" content=\"https:\/\/devsmartangel.smartangel.ch\/f\/ueber-uns\/\" \/>\n<meta property=\"og:site_name\" content=\"SmartAngel\" \/>\n<meta property=\"article:modified_time\" content=\"2025-08-23T19:27:59+00:00\" \/>\n<meta property=\"og:image\" content=\"http:\/\/devsmartangel.smartangel.ch\/wp-content\/uploads\/2025\/08\/Image-56.png\" \/>\n<meta name=\"twitter:card\" content=\"summary_large_image\" \/>\n<meta name=\"twitter:label1\" content=\"Dur\u00e9e de lecture estim\u00e9e\" \/>\n\t<meta name=\"twitter:data1\" content=\"3 minutes\" \/>\n<script type=\"application\/ld+json\" class=\"yoast-schema-graph\">{\"@context\":\"https:\/\/schema.org\",\"@graph\":[{\"@type\":\"WebPage\",\"@id\":\"https:\/\/devsmartangel.smartangel.ch\/ueber-uns\/\",\"url\":\"https:\/\/devsmartangel.smartangel.ch\/ueber-uns\/\",\"name\":\"\u00dcber uns - SmartAngel\",\"isPartOf\":{\"@id\":\"https:\/\/devsmartangel.smartangel.ch\/f\/#website\"},\"primaryImageOfPage\":{\"@id\":\"https:\/\/devsmartangel.smartangel.ch\/ueber-uns\/#primaryimage\"},\"image\":{\"@id\":\"https:\/\/devsmartangel.smartangel.ch\/ueber-uns\/#primaryimage\"},\"thumbnailUrl\":\"http:\/\/devsmartangel.smartangel.ch\/wp-content\/uploads\/2025\/08\/Image-56.png\",\"datePublished\":\"2025-08-23T19:14:47+00:00\",\"dateModified\":\"2025-08-23T19:27:59+00:00\",\"breadcrumb\":{\"@id\":\"https:\/\/devsmartangel.smartangel.ch\/ueber-uns\/#breadcrumb\"},\"inLanguage\":\"fr-FR\",\"potentialAction\":[{\"@type\":\"ReadAction\",\"target\":[\"https:\/\/devsmartangel.smartangel.ch\/ueber-uns\/\"]}]},{\"@type\":\"ImageObject\",\"inLanguage\":\"fr-FR\",\"@id\":\"https:\/\/devsmartangel.smartangel.ch\/ueber-uns\/#primaryimage\",\"url\":\"http:\/\/devsmartangel.smartangel.ch\/wp-content\/uploads\/2025\/08\/Image-56.png\",\"contentUrl\":\"http:\/\/devsmartangel.smartangel.ch\/wp-content\/uploads\/2025\/08\/Image-56.png\"},{\"@type\":\"BreadcrumbList\",\"@id\":\"https:\/\/devsmartangel.smartangel.ch\/ueber-uns\/#breadcrumb\",\"itemListElement\":[{\"@type\":\"ListItem\",\"position\":1,\"name\":\"Home\",\"item\":\"https:\/\/devsmartangel.smartangel.ch\/f\/\"},{\"@type\":\"ListItem\",\"position\":2,\"name\":\"\u00dcber uns\"}]},{\"@type\":\"WebSite\",\"@id\":\"https:\/\/devsmartangel.smartangel.ch\/f\/#website\",\"url\":\"https:\/\/devsmartangel.smartangel.ch\/f\/\",\"name\":\"SmartAngel\",\"description\":\"\",\"potentialAction\":[{\"@type\":\"SearchAction\",\"target\":{\"@type\":\"EntryPoint\",\"urlTemplate\":\"https:\/\/devsmartangel.smartangel.ch\/f\/?s={search_term_string}\"},\"query-input\":{\"@type\":\"PropertyValueSpecification\",\"valueRequired\":true,\"valueName\":\"search_term_string\"}}],\"inLanguage\":\"fr-FR\"}]}<\/script>\n<!-- \/ Yoast SEO Premium plugin. -->","yoast_head_json":{"title":"\u00dcber uns - SmartAngel","robots":{"index":"index","follow":"follow","max-snippet":"max-snippet:-1","max-image-preview":"max-image-preview:large","max-video-preview":"max-video-preview:-1"},"canonical":"https:\/\/devsmartangel.smartangel.ch\/f\/ueber-uns\/","og_locale":"fr_FR","og_type":"article","og_title":"\u00dcber uns","og_description":"Unsere Kunden smartangel\u00ae &#8211; in eigener Sache Ein pers\u00f6nliches Schicksal \u2013 eine Vision, die Leben ver\u00e4ndert Ein schwerer Schlaganfall meiner Mutter im Jahr 2018 \u2013 mitten in einem Krankenhaus \u2013 wurde leider erst am Morgen entdeckt. F\u00fcr sie kam jede Hilfe zu sp\u00e4t. Solch ein tragisches Ereignis ver\u00e4ndert ein Leben &#8211; nicht nur mein eigenes [&hellip;]","og_url":"https:\/\/devsmartangel.smartangel.ch\/f\/ueber-uns\/","og_site_name":"SmartAngel","article_modified_time":"2025-08-23T19:27:59+00:00","og_image":[{"url":"http:\/\/devsmartangel.smartangel.ch\/wp-content\/uploads\/2025\/08\/Image-56.png","type":"","width":"","height":""}],"twitter_card":"summary_large_image","twitter_misc":{"Dur\u00e9e de lecture estim\u00e9e":"3 minutes"},"schema":{"@context":"https:\/\/schema.org","@graph":[{"@type":"WebPage","@id":"https:\/\/devsmartangel.smartangel.ch\/ueber-uns\/","url":"https:\/\/devsmartangel.smartangel.ch\/ueber-uns\/","name":"\u00dcber uns - SmartAngel","isPartOf":{"@id":"https:\/\/devsmartangel.smartangel.ch\/f\/#website"},"primaryImageOfPage":{"@id":"https:\/\/devsmartangel.smartangel.ch\/ueber-uns\/#primaryimage"},"image":{"@id":"https:\/\/devsmartangel.smartangel.ch\/ueber-uns\/#primaryimage"},"thumbnailUrl":"http:\/\/devsmartangel.smartangel.ch\/wp-content\/uploads\/2025\/08\/Image-56.png","datePublished":"2025-08-23T19:14:47+00:00","dateModified":"2025-08-23T19:27:59+00:00","breadcrumb":{"@id":"https:\/\/devsmartangel.smartangel.ch\/ueber-uns\/#breadcrumb"},"inLanguage":"fr-FR","potentialAction":[{"@type":"ReadAction","target":["https:\/\/devsmartangel.smartangel.ch\/ueber-uns\/"]}]},{"@type":"ImageObject","inLanguage":"fr-FR","@id":"https:\/\/devsmartangel.smartangel.ch\/ueber-uns\/#primaryimage","url":"http:\/\/devsmartangel.smartangel.ch\/wp-content\/uploads\/2025\/08\/Image-56.png","contentUrl":"http:\/\/devsmartangel.smartangel.ch\/wp-content\/uploads\/2025\/08\/Image-56.png"},{"@type":"BreadcrumbList","@id":"https:\/\/devsmartangel.smartangel.ch\/ueber-uns\/#breadcrumb","itemListElement":[{"@type":"ListItem","position":1,"name":"Home","item":"https:\/\/devsmartangel.smartangel.ch\/f\/"},{"@type":"ListItem","position":2,"name":"\u00dcber uns"}]},{"@type":"WebSite","@id":"https:\/\/devsmartangel.smartangel.ch\/f\/#website","url":"https:\/\/devsmartangel.smartangel.ch\/f\/","name":"SmartAngel","description":"","potentialAction":[{"@type":"SearchAction","target":{"@type":"EntryPoint","urlTemplate":"https:\/\/devsmartangel.smartangel.ch\/f\/?s={search_term_string}"},"query-input":{"@type":"PropertyValueSpecification","valueRequired":true,"valueName":"search_term_string"}}],"inLanguage":"fr-FR"}]}},"_links":{"self":[{"href":"https:\/\/devsmartangel.smartangel.ch\/f\/wp-json\/wp\/v2\/pages\/590","targetHints":{"allow":["GET"]}}],"collection":[{"href":"https:\/\/devsmartangel.smartangel.ch\/f\/wp-json\/wp\/v2\/pages"}],"about":[{"href":"https:\/\/devsmartangel.smartangel.ch\/f\/wp-json\/wp\/v2\/types\/page"}],"author":[{"embeddable":true,"href":"https:\/\/devsmartangel.smartangel.ch\/f\/wp-json\/wp\/v2\/users\/3"}],"replies":[{"embeddable":true,"href":"https:\/\/devsmartangel.smartangel.ch\/f\/wp-json\/wp\/v2\/comments?post=590"}],"version-history":[{"count":13,"href":"https:\/\/devsmartangel.smartangel.ch\/f\/wp-json\/wp\/v2\/pages\/590\/revisions"}],"predecessor-version":[{"id":606,"href":"https:\/\/devsmartangel.smartangel.ch\/f\/wp-json\/wp\/v2\/pages\/590\/revisions\/606"}],"wp:attachment":[{"href":"https:\/\/devsmartangel.smartangel.ch\/f\/wp-json\/wp\/v2\/media?parent=590"}],"curies":[{"name":"wp","href":"https:\/\/api.w.org\/{rel}","templated":true}]}}