{"id":590,"date":"2025-08-23T19:14:47","date_gmt":"2025-08-23T19:14:47","guid":{"rendered":"https:\/\/devsmartangel.smartangel.ch\/?page_id=590"},"modified":"2025-08-23T19:27:59","modified_gmt":"2025-08-23T19:27:59","slug":"ueber-uns","status":"publish","type":"page","link":"https:\/\/devsmartangel.smartangel.ch\/e\/ueber-uns\/","title":{"rendered":"About us"},"content":{"rendered":"<div data-elementor-type=\"wp-page\" data-elementor-id=\"590\" class=\"elementor elementor-590\" data-elementor-post-type=\"page\">\n\t\t\t\t<div class=\"elementor-element elementor-element-1b90b25 e-flex e-con-boxed e-con e-parent\" data-id=\"1b90b25\" data-element_type=\"container\">\n\t\t\t\t\t<div class=\"e-con-inner\">\n\t\t<div class=\"elementor-element elementor-element-be4c770 e-con-full e-flex e-con e-child\" data-id=\"be4c770\" data-element_type=\"container\">\n\t\t\t\t<div class=\"elementor-element elementor-element-f8752eb elementor-widget elementor-widget-heading\" data-id=\"f8752eb\" data-element_type=\"widget\" data-widget_type=\"heading.default\">\n\t\t\t\t<div class=\"elementor-widget-container\">\n\t\t\t\t\t<h2 class=\"elementor-heading-title elementor-size-default\">Our customers<\/h2>\t\t\t\t<\/div>\n\t\t\t\t<\/div>\n\t\t\t\t<div class=\"elementor-element elementor-element-2c805ad elementor-widget elementor-widget-heading\" data-id=\"2c805ad\" data-element_type=\"widget\" data-widget_type=\"heading.default\">\n\t\t\t\t<div class=\"elementor-widget-container\">\n\t\t\t\t\t<h2 class=\"elementor-heading-title elementor-size-default\">smartangel\u00ae - on our own behalf<\/h2>\t\t\t\t<\/div>\n\t\t\t\t<\/div>\n\t\t\t\t<\/div>\n\t\t\t\t\t<\/div>\n\t\t\t\t<\/div>\n\t\t<div class=\"elementor-element elementor-element-6f10936 e-flex e-con-boxed e-con e-parent\" data-id=\"6f10936\" data-element_type=\"container\" data-settings=\"{&quot;background_background&quot;:&quot;classic&quot;}\">\n\t\t\t\t\t<div class=\"e-con-inner\">\n\t\t<div class=\"elementor-element elementor-element-c78ab28 e-con-full e-flex e-con e-child\" data-id=\"c78ab28\" data-element_type=\"container\">\n\t\t<div class=\"elementor-element elementor-element-40eed1d e-con-full e-flex e-con e-child\" data-id=\"40eed1d\" data-element_type=\"container\">\n\t\t\t\t<div class=\"elementor-element elementor-element-75d50fe elementor-widget elementor-widget-heading\" data-id=\"75d50fe\" data-element_type=\"widget\" data-widget_type=\"heading.default\">\n\t\t\t\t<div class=\"elementor-widget-container\">\n\t\t\t\t\t<h2 class=\"elementor-heading-title elementor-size-default\">A personal destiny - a vision that <br>Life changed<\/h2>\t\t\t\t<\/div>\n\t\t\t\t<\/div>\n\t\t\t\t<div class=\"elementor-element elementor-element-9bf0c35 elementor-widget__width-initial elementor-widget elementor-widget-text-editor\" data-id=\"9bf0c35\" data-element_type=\"widget\" data-widget_type=\"text-editor.default\">\n\t\t\t\t<div class=\"elementor-widget-container\">\n\t\t\t\t\t\t\t\t\t<p data-slate-node=\"element\">A serious stroke my mother suffered in 2018 - in the middle of a hospital - was unfortunately only discovered in the morning. All help came too late for her. Such a tragic event changes a life - not just my own, but certainly that of many other people too.<\/p><p data-slate-node=\"element\">Standing helplessly at the bedside, unable to do anything - and having to say goodbye a few weeks later - left me with an agonizing question: What could I have done better? A feeling that I share with many of those affected. And it is precisely this feeling that drives me to this day.<\/p><p data-slate-node=\"element\">Many such fates do not occur in supervised facilities - but at home, where often no one realizes in time that help is needed.<\/p><p data-slate-node=\"element\">In my search for solutions, I came across a market full of different emergency call systems, alarm devices and aids. However, almost all of them require the person concerned to take action themselves in an emergency - e.g. by pressing a button. But what if that is no longer possible?<\/p><p data-slate-node=\"element\"><strong>My answer is smartangel\u00ae. smartangel\u00ae<\/strong><\/p><p data-slate-node=\"element\">is more than a simple emergency call system. It is a personal guardian angel that is on duty around the clock - preventive, proactive and reactive. Our products fulfill three key principles in particular:<\/p><p data-slate-node=\"element\"><strong>1. simplify life<\/strong> self-explanatory usability for all ages<\/p><p data-slate-node=\"element\"><strong>2. protect life<\/strong> through predictive technologies such as vital data measurement or localization aids<\/p><p data-slate-node=\"element\"><strong>3. save lives<\/strong> through rapid response and simple and clear communication in an emergency<\/p><p data-slate-node=\"element\">The name smartangel\u00ae is no coincidence. The \"ANG\" in our products stands for the three initial letters of ANGEL - the guardian angel - and Angela, my mother's name.<\/p>\t\t\t\t\t\t\t\t<\/div>\n\t\t\t\t<\/div>\n\t\t\t\t<\/div>\n\t\t<div class=\"elementor-element elementor-element-39635ab e-con-full e-flex e-con e-child\" data-id=\"39635ab\" data-element_type=\"container\" data-settings=\"{&quot;background_background&quot;:&quot;classic&quot;}\">\n\t\t\t\t<div class=\"elementor-element elementor-element-61bb4be elementor-widget elementor-widget-image\" data-id=\"61bb4be\" data-element_type=\"widget\" data-widget_type=\"image.default\">\n\t\t\t\t<div class=\"elementor-widget-container\">\n\t\t\t\t\t\t\t\t\t\t\t\t\t\t\t<img fetchpriority=\"high\" decoding=\"async\" width=\"449\" height=\"303\" src=\"https:\/\/devsmartangel.smartangel.ch\/wp-content\/uploads\/2025\/08\/Image-56.png\" class=\"attachment-full size-full wp-image-598\" alt=\"\" srcset=\"https:\/\/devsmartangel.smartangel.ch\/wp-content\/uploads\/2025\/08\/Image-56.png 449w, https:\/\/devsmartangel.smartangel.ch\/wp-content\/uploads\/2025\/08\/Image-56-300x202.png 300w, https:\/\/devsmartangel.smartangel.ch\/wp-content\/uploads\/2025\/08\/Image-56-18x12.png 18w\" sizes=\"(max-width: 449px) 100vw, 449px\" \/>\t\t\t\t\t\t\t\t\t\t\t\t\t\t\t<\/div>\n\t\t\t\t<\/div>\n\t\t\t\t<div class=\"elementor-element elementor-element-7d8c3bf elementor-widget elementor-widget-heading\" data-id=\"7d8c3bf\" data-element_type=\"widget\" data-widget_type=\"heading.default\">\n\t\t\t\t<div class=\"elementor-widget-container\">\n\t\t\t\t\t<h2 class=\"elementor-heading-title elementor-size-default\">A personal destiny - a vision that <br>Life changed<\/h2>\t\t\t\t<\/div>\n\t\t\t\t<\/div>\n\t\t\t\t<div class=\"elementor-element elementor-element-9ca57f6 elementor-widget__width-initial elementor-widget elementor-widget-text-editor\" data-id=\"9ca57f6\" data-element_type=\"widget\" data-widget_type=\"text-editor.default\">\n\t\t\t\t<div class=\"elementor-widget-container\">\n\t\t\t\t\t\t\t\t\t<p data-slate-node=\"element\">Feedback from our customers - our daily motivation I couldn't save my mother's life. But today we receive a lot of moving feedback from people whose lives - or those of their loved ones - have been saved or sustainably improved with the help of smartangel\u00ae.<\/p><p data-slate-node=\"element\">Whether through a deterioration in vital signs recognized in time, which led to a quicker visit to the doctor, or, for example, through automated emergency detection in the event of a fall: such stories close the circle of grief a little bit each time - and open the circle of joy, hope and motivation.<\/p><p data-slate-node=\"element\">Every day, they encourage our entire team to continue working on our mission with passion, a spirit of innovation and the power of genuine listening: Not to leave people of all ages or heroes in action alone in critical situations - but to give them back security, support and a bit of quality of life.<\/p><p data-slate-node=\"element\">The heart in our logo symbolizes this commitment. It beats for the vision of changing lives - with empathy, technology and genuine conviction.<\/p><p data-slate-node=\"element\">Sincerely,<\/p><p data-slate-node=\"element\"><strong> Pascal Dossenbach<\/strong> | Founder SmartAngel AG<\/p>\t\t\t\t\t\t\t\t<\/div>\n\t\t\t\t<\/div>\n\t\t\t\t<div class=\"elementor-element elementor-element-19337a7 elementor-widget elementor-widget-image\" data-id=\"19337a7\" data-element_type=\"widget\" data-widget_type=\"image.default\">\n\t\t\t\t<div class=\"elementor-widget-container\">\n\t\t\t\t\t\t\t\t\t\t\t\t\t\t\t<img decoding=\"async\" width=\"169\" height=\"25\" src=\"https:\/\/devsmartangel.smartangel.ch\/wp-content\/uploads\/2025\/08\/Group-679.png\" class=\"attachment-large size-large wp-image-599\" alt=\"\" srcset=\"https:\/\/devsmartangel.smartangel.ch\/wp-content\/uploads\/2025\/08\/Group-679.png 169w, https:\/\/devsmartangel.smartangel.ch\/wp-content\/uploads\/2025\/08\/Group-679-18x3.png 18w\" sizes=\"(max-width: 169px) 100vw, 169px\" \/>\t\t\t\t\t\t\t\t\t\t\t\t\t\t\t<\/div>\n\t\t\t\t<\/div>\n\t\t\t\t<\/div>\n\t\t\t\t<\/div>\n\t\t\t\t\t<\/div>\n\t\t\t\t<\/div>\n\t\t\t\t<\/div>","protected":false},"excerpt":{"rendered":"<p>Unsere Kunden smartangel\u00ae &#8211; in eigener Sache Ein pers\u00f6nliches Schicksal \u2013 eine Vision, die Leben ver\u00e4ndert Ein schwerer Schlaganfall meiner Mutter im Jahr 2018 \u2013 mitten in einem Krankenhaus \u2013 wurde leider erst am Morgen entdeckt. F\u00fcr sie kam jede Hilfe zu sp\u00e4t. Solch ein tragisches Ereignis ver\u00e4ndert ein Leben &#8211; nicht nur mein eigenes [&hellip;]<\/p>","protected":false},"author":3,"featured_media":0,"parent":0,"menu_order":0,"comment_status":"closed","ping_status":"closed","template":"elementor_header_footer","meta":{"inline_featured_image":false,"footnotes":""},"class_list":["post-590","page","type-page","status-publish","hentry"],"yoast_head":"<!-- This site is optimized with the Yoast SEO Premium plugin v25.7.1 (Yoast SEO v25.7) - https:\/\/yoast.com\/wordpress\/plugins\/seo\/ -->\n<title>\u00dcber uns - SmartAngel<\/title>\n<meta name=\"robots\" content=\"index, follow, max-snippet:-1, max-image-preview:large, max-video-preview:-1\" \/>\n<link rel=\"canonical\" href=\"https:\/\/devsmartangel.smartangel.ch\/e\/ueber-uns\/\" \/>\n<meta property=\"og:locale\" content=\"en_US\" \/>\n<meta property=\"og:type\" content=\"article\" \/>\n<meta property=\"og:title\" content=\"\u00dcber uns\" \/>\n<meta property=\"og:description\" content=\"Unsere Kunden smartangel\u00ae &#8211; in eigener Sache Ein pers\u00f6nliches Schicksal \u2013 eine Vision, die Leben ver\u00e4ndert Ein schwerer Schlaganfall meiner Mutter im Jahr 2018 \u2013 mitten in einem Krankenhaus \u2013 wurde leider erst am Morgen entdeckt. F\u00fcr sie kam jede Hilfe zu sp\u00e4t. Solch ein tragisches Ereignis ver\u00e4ndert ein Leben &#8211; nicht nur mein eigenes [&hellip;]\" \/>\n<meta property=\"og:url\" content=\"https:\/\/devsmartangel.smartangel.ch\/e\/ueber-uns\/\" \/>\n<meta property=\"og:site_name\" content=\"SmartAngel\" \/>\n<meta property=\"article:modified_time\" content=\"2025-08-23T19:27:59+00:00\" \/>\n<meta property=\"og:image\" content=\"http:\/\/devsmartangel.smartangel.ch\/wp-content\/uploads\/2025\/08\/Image-56.png\" \/>\n<meta name=\"twitter:card\" content=\"summary_large_image\" \/>\n<meta name=\"twitter:label1\" content=\"Est. reading time\" \/>\n\t<meta name=\"twitter:data1\" content=\"3 minutes\" \/>\n<script type=\"application\/ld+json\" class=\"yoast-schema-graph\">{\"@context\":\"https:\/\/schema.org\",\"@graph\":[{\"@type\":\"WebPage\",\"@id\":\"https:\/\/devsmartangel.smartangel.ch\/ueber-uns\/\",\"url\":\"https:\/\/devsmartangel.smartangel.ch\/ueber-uns\/\",\"name\":\"\u00dcber uns - SmartAngel\",\"isPartOf\":{\"@id\":\"https:\/\/devsmartangel.smartangel.ch\/f\/#website\"},\"primaryImageOfPage\":{\"@id\":\"https:\/\/devsmartangel.smartangel.ch\/ueber-uns\/#primaryimage\"},\"image\":{\"@id\":\"https:\/\/devsmartangel.smartangel.ch\/ueber-uns\/#primaryimage\"},\"thumbnailUrl\":\"http:\/\/devsmartangel.smartangel.ch\/wp-content\/uploads\/2025\/08\/Image-56.png\",\"datePublished\":\"2025-08-23T19:14:47+00:00\",\"dateModified\":\"2025-08-23T19:27:59+00:00\",\"breadcrumb\":{\"@id\":\"https:\/\/devsmartangel.smartangel.ch\/ueber-uns\/#breadcrumb\"},\"inLanguage\":\"en-US\",\"potentialAction\":[{\"@type\":\"ReadAction\",\"target\":[\"https:\/\/devsmartangel.smartangel.ch\/ueber-uns\/\"]}]},{\"@type\":\"ImageObject\",\"inLanguage\":\"en-US\",\"@id\":\"https:\/\/devsmartangel.smartangel.ch\/ueber-uns\/#primaryimage\",\"url\":\"http:\/\/devsmartangel.smartangel.ch\/wp-content\/uploads\/2025\/08\/Image-56.png\",\"contentUrl\":\"http:\/\/devsmartangel.smartangel.ch\/wp-content\/uploads\/2025\/08\/Image-56.png\"},{\"@type\":\"BreadcrumbList\",\"@id\":\"https:\/\/devsmartangel.smartangel.ch\/ueber-uns\/#breadcrumb\",\"itemListElement\":[{\"@type\":\"ListItem\",\"position\":1,\"name\":\"Home\",\"item\":\"https:\/\/devsmartangel.smartangel.ch\/f\/\"},{\"@type\":\"ListItem\",\"position\":2,\"name\":\"\u00dcber uns\"}]},{\"@type\":\"WebSite\",\"@id\":\"https:\/\/devsmartangel.smartangel.ch\/f\/#website\",\"url\":\"https:\/\/devsmartangel.smartangel.ch\/f\/\",\"name\":\"SmartAngel\",\"description\":\"\",\"potentialAction\":[{\"@type\":\"SearchAction\",\"target\":{\"@type\":\"EntryPoint\",\"urlTemplate\":\"https:\/\/devsmartangel.smartangel.ch\/f\/?s={search_term_string}\"},\"query-input\":{\"@type\":\"PropertyValueSpecification\",\"valueRequired\":true,\"valueName\":\"search_term_string\"}}],\"inLanguage\":\"en-US\"}]}<\/script>\n<!-- \/ Yoast SEO Premium plugin. -->","yoast_head_json":{"title":"\u00dcber uns - SmartAngel","robots":{"index":"index","follow":"follow","max-snippet":"max-snippet:-1","max-image-preview":"max-image-preview:large","max-video-preview":"max-video-preview:-1"},"canonical":"https:\/\/devsmartangel.smartangel.ch\/e\/ueber-uns\/","og_locale":"en_US","og_type":"article","og_title":"\u00dcber uns","og_description":"Unsere Kunden smartangel\u00ae &#8211; in eigener Sache Ein pers\u00f6nliches Schicksal \u2013 eine Vision, die Leben ver\u00e4ndert Ein schwerer Schlaganfall meiner Mutter im Jahr 2018 \u2013 mitten in einem Krankenhaus \u2013 wurde leider erst am Morgen entdeckt. F\u00fcr sie kam jede Hilfe zu sp\u00e4t. Solch ein tragisches Ereignis ver\u00e4ndert ein Leben &#8211; nicht nur mein eigenes [&hellip;]","og_url":"https:\/\/devsmartangel.smartangel.ch\/e\/ueber-uns\/","og_site_name":"SmartAngel","article_modified_time":"2025-08-23T19:27:59+00:00","og_image":[{"url":"http:\/\/devsmartangel.smartangel.ch\/wp-content\/uploads\/2025\/08\/Image-56.png","type":"","width":"","height":""}],"twitter_card":"summary_large_image","twitter_misc":{"Est. reading time":"3 minutes"},"schema":{"@context":"https:\/\/schema.org","@graph":[{"@type":"WebPage","@id":"https:\/\/devsmartangel.smartangel.ch\/ueber-uns\/","url":"https:\/\/devsmartangel.smartangel.ch\/ueber-uns\/","name":"\u00dcber uns - SmartAngel","isPartOf":{"@id":"https:\/\/devsmartangel.smartangel.ch\/f\/#website"},"primaryImageOfPage":{"@id":"https:\/\/devsmartangel.smartangel.ch\/ueber-uns\/#primaryimage"},"image":{"@id":"https:\/\/devsmartangel.smartangel.ch\/ueber-uns\/#primaryimage"},"thumbnailUrl":"http:\/\/devsmartangel.smartangel.ch\/wp-content\/uploads\/2025\/08\/Image-56.png","datePublished":"2025-08-23T19:14:47+00:00","dateModified":"2025-08-23T19:27:59+00:00","breadcrumb":{"@id":"https:\/\/devsmartangel.smartangel.ch\/ueber-uns\/#breadcrumb"},"inLanguage":"en-US","potentialAction":[{"@type":"ReadAction","target":["https:\/\/devsmartangel.smartangel.ch\/ueber-uns\/"]}]},{"@type":"ImageObject","inLanguage":"en-US","@id":"https:\/\/devsmartangel.smartangel.ch\/ueber-uns\/#primaryimage","url":"http:\/\/devsmartangel.smartangel.ch\/wp-content\/uploads\/2025\/08\/Image-56.png","contentUrl":"http:\/\/devsmartangel.smartangel.ch\/wp-content\/uploads\/2025\/08\/Image-56.png"},{"@type":"BreadcrumbList","@id":"https:\/\/devsmartangel.smartangel.ch\/ueber-uns\/#breadcrumb","itemListElement":[{"@type":"ListItem","position":1,"name":"Home","item":"https:\/\/devsmartangel.smartangel.ch\/f\/"},{"@type":"ListItem","position":2,"name":"\u00dcber uns"}]},{"@type":"WebSite","@id":"https:\/\/devsmartangel.smartangel.ch\/f\/#website","url":"https:\/\/devsmartangel.smartangel.ch\/f\/","name":"SmartAngel","description":"","potentialAction":[{"@type":"SearchAction","target":{"@type":"EntryPoint","urlTemplate":"https:\/\/devsmartangel.smartangel.ch\/f\/?s={search_term_string}"},"query-input":{"@type":"PropertyValueSpecification","valueRequired":true,"valueName":"search_term_string"}}],"inLanguage":"en-US"}]}},"_links":{"self":[{"href":"https:\/\/devsmartangel.smartangel.ch\/e\/wp-json\/wp\/v2\/pages\/590","targetHints":{"allow":["GET"]}}],"collection":[{"href":"https:\/\/devsmartangel.smartangel.ch\/e\/wp-json\/wp\/v2\/pages"}],"about":[{"href":"https:\/\/devsmartangel.smartangel.ch\/e\/wp-json\/wp\/v2\/types\/page"}],"author":[{"embeddable":true,"href":"https:\/\/devsmartangel.smartangel.ch\/e\/wp-json\/wp\/v2\/users\/3"}],"replies":[{"embeddable":true,"href":"https:\/\/devsmartangel.smartangel.ch\/e\/wp-json\/wp\/v2\/comments?post=590"}],"version-history":[{"count":13,"href":"https:\/\/devsmartangel.smartangel.ch\/e\/wp-json\/wp\/v2\/pages\/590\/revisions"}],"predecessor-version":[{"id":606,"href":"https:\/\/devsmartangel.smartangel.ch\/e\/wp-json\/wp\/v2\/pages\/590\/revisions\/606"}],"wp:attachment":[{"href":"https:\/\/devsmartangel.smartangel.ch\/e\/wp-json\/wp\/v2\/media?parent=590"}],"curies":[{"name":"wp","href":"https:\/\/api.w.org\/{rel}","templated":true}]}}